{"id":3,"date":"2020-12-04T01:56:50","date_gmt":"2020-12-04T01:56:50","guid":{"rendered":"https:\/\/demo.cmssuperheroes.com\/themeforest\/solatec\/?page_id=3"},"modified":"2023-09-16T17:02:26","modified_gmt":"2023-09-16T17:02:26","slug":"conditions-generales-dutilsation","status":"publish","type":"page","link":"https:\/\/zed-sa.com\/en\/conditions-generales-dutilsation\/","title":{"rendered":"Conditions g\u00e9n\u00e9rales d&#8217;utilsation"},"content":{"rendered":"<div data-elementor-type=\"wp-page\" data-elementor-id=\"3\" class=\"elementor elementor-3\">\n\t\t\t\t\t\t\t        <section class=\"elementor-section elementor-top-section elementor-element elementor-element-7ec7d75d elementor-section-boxed elementor-section-height-default elementor-section-height-default cms-boxed-bg-false\" data-id=\"7ec7d75d\" data-element_type=\"section\">\r\n\t\t\r\n\t\t<div class=\"cms-section-boxed-bg\"><\/div>        <div class=\"elementor-container elementor-column-gap-default\" >\r\n\t\t        <div class=\"elementor-column elementor-col-100 elementor-top-column elementor-element elementor-element-7cfe1a75\" data-id=\"7cfe1a75\" data-element_type=\"column\">\r\n        <div class=\"elementor-widget-wrap elementor-element-populated\">\r\n                        \t\t<div class=\"elementor-element elementor-element-3d6934d0 elementor-widget elementor-widget-text-editor\" data-id=\"3d6934d0\" data-element_type=\"widget\" data-widget_type=\"text-editor.default\">\n\t\t\t\t<div class=\"elementor-widget-container\">\n\t\t\t<style>\/*! elementor - v3.15.0 - 31-07-2023 *\/\n.elementor-widget-text-editor.elementor-drop-cap-view-stacked .elementor-drop-cap{background-color:#69727d;color:#fff}.elementor-widget-text-editor.elementor-drop-cap-view-framed .elementor-drop-cap{color:#69727d;border:3px solid;background-color:transparent}.elementor-widget-text-editor:not(.elementor-drop-cap-view-default) .elementor-drop-cap{margin-top:8px}.elementor-widget-text-editor:not(.elementor-drop-cap-view-default) .elementor-drop-cap-letter{width:1em;height:1em}.elementor-widget-text-editor .elementor-drop-cap{float:left;text-align:center;line-height:1;font-size:50px}.elementor-widget-text-editor .elementor-drop-cap-letter{display:inline-block}<\/style>\t\t\t\t<!-- wp:heading --><!-- \/wp:heading --><!-- wp:paragraph -->\n<p>Les pr\u00e9sentes conditions g\u00e9n\u00e9rales d&#8217;utilisation (dites \u00ab CGU \u00bb) ont pour objet l&#8217;encadrement juridique des modalit\u00e9s de mise \u00e0 disposition du site et des services par Zenith Energie pour le D\u00e9veloppement et de d\u00e9finir les conditions d\u2019acc\u00e8s et d\u2019utilisation des services par \u00ab l&#8217;Utilisateur \u00bb.<\/p>\n<p>Les pr\u00e9sentes CGU sont accessibles sur le site \u00e0 la rubrique \u00abConditions G\u00e9n\u00e9rales d&#8217;Utilisation\u00bb.<\/p>\n<!-- \/wp:paragraph --><!-- wp:heading -->\n<h2>Article 1 : Les mentions l\u00e9gales<\/h2>\n<!-- \/wp:heading --><!-- wp:heading {\"level\":3} --><!-- \/wp:heading --><!-- wp:paragraph -->\n<p>L&#8217;\u00e9dition du site www.zed-sa.com est assur\u00e9e par la Soci\u00e9t\u00e9 SA Zenith Energie pour le D\u00e9veloppement dont le si\u00e8ge social est situ\u00e9 au Quartier-Mali Rue 201 Porte N\u00b046 face 300 logements, Mali.<br \/>Num\u00e9ro de t\u00e9l\u00e9phone +223 66 75 02 68<br \/>Adresse e-mail : contact@zed-sa.com.<\/p>\n<p>L&#8217;h\u00e9bergeur du site www.zed-sa.com est la soci\u00e9t\u00e9 IONOS, dont le si\u00e8ge social est situ\u00e9 au 2 Logan Square, 100 N 18th St., Suite 400, Philadelphia, PA 19103, avec le num\u00e9ro de t\u00e9l\u00e9phone : 1-484-254-5555.<\/p>\n<!-- \/wp:paragraph --><!-- wp:paragraph --><!-- \/wp:heading --><!-- wp:heading -->\n<h2>ARTICLE 2 : Acc\u00e8s au site<\/h2>\n<p>Le site www.zed-sa.com permet \u00e0 l&#8217;Utilisateur un acc\u00e8s gratuit aux services suivants :<br \/>Le site internet propose les services suivants : Informations g\u00e9n\u00e9rales, obtention de devis, catalogue de produits pour l&#8217;\u00e9lectricit\u00e9<br \/>Le site est accessible gratuitement en tout lieu \u00e0 tout Utilisateur ayant un acc\u00e8s \u00e0 Internet. Tous les frais support\u00e9s par l&#8217;Utilisateur pour acc\u00e9der au service (mat\u00e9riel informatique, logiciels, connexion Internet, etc.) sont \u00e0 sa charge.<\/p>\n<!-- \/wp:heading --><!-- wp:heading -->\n<h2>ARTICLE 3 : Collecte des donn\u00e9es<\/h2>\n<!-- \/wp:heading --><!-- wp:paragraph -->\n<p>Le site assure \u00e0 l&#8217;Utilisateur une collecte et un traitement d&#8217;informations personnelles dans le respect de la vie priv\u00e9e conform\u00e9ment \u00e0 la loi N\u00b02017-070 du 18 d\u00e9cembre 2017 relative \u00e0 la Protection des Donn\u00e9es \u00e0 Caract\u00e8re Personnel en R\u00e9publique du Mali.<\/p>\n<p>En vertu de la loi sur la Protection des Donn\u00e9es \u00e0 Caract\u00e8re Personnel, en date du 18 d\u00e9cembre 2017, l&#8217;Utilisateur dispose d&#8217;un droit d&#8217;acc\u00e8s, de rectification, de suppression et d&#8217;opposition de ses donn\u00e9es personnelles. L&#8217;Utilisateur exerce ce droit :<br \/>\u00b7 par mail \u00e0 l&#8217;adresse email contact@zed-sa.com<br \/>\u00b7 via un formulaire de contact ;<\/p>\n<!-- \/wp:paragraph --><!-- wp:paragraph --><!-- \/wp:paragraph --><!-- wp:heading -->\n<h2>ARTICLE 4 : Propri\u00e9t\u00e9 intellectuelle<\/h2>\n<!-- \/wp:heading --><!-- wp:paragraph -->\n<p>Les marques, logos, signes ainsi que tous les contenus du site (textes, images, son\u2026) font l&#8217;objet d&#8217;une protection par le Code de la propri\u00e9t\u00e9 intellectuelle et plus particuli\u00e8rement par le droit d&#8217;auteur.<\/p>\n<p>L&#8217;Utilisateur doit solliciter l&#8217;autorisation pr\u00e9alable du site pour toute reproduction, publication, copie des diff\u00e9rents contenus. Il s&#8217;engage \u00e0 une utilisation des contenus du site dans un cadre strictement priv\u00e9, toute utilisation \u00e0 des fins commerciales et publicitaires est strictement interdite.<\/p>\n<p>Toute repr\u00e9sentation totale ou partielle de ce site par quelque proc\u00e9d\u00e9 que ce soit, sans l\u2019autorisation expresse de l\u2019exploitant du site Internet constituerait une contrefa\u00e7on sanctionn\u00e9e conform\u00e9ment aux lois en vigueur au Mali.<\/p>\n<!-- \/wp:paragraph --><!-- wp:heading -->\n<h2>ARTICLE 5 : Responsabilit\u00e9<\/h2>\n<!-- \/wp:heading --><!-- wp:paragraph -->\n<p>Les sources des informations diffus\u00e9es sur le site www.zed-sa.com sont r\u00e9put\u00e9es fiables mais le site ne garantit pas qu\u2019il soit exempt de d\u00e9fauts, d\u2019erreurs ou d\u2019omissions.<\/p>\n<p>Les informations communiqu\u00e9es sont pr\u00e9sent\u00e9es \u00e0 titre indicatif et g\u00e9n\u00e9ral sans valeur contractuelle. Malgr\u00e9 des mises \u00e0 jour r\u00e9guli\u00e8res, le site www.zed-sa.com ne peut \u00eatre tenu responsable de la modification des dispositions administratives et juridiques survenant apr\u00e8s la publication. De m\u00eame, le site ne peut \u00eatre tenue responsable de l\u2019utilisation et de l\u2019interpr\u00e9tation de l\u2019information contenue dans ce site.<\/p>\n<p>Le site www.zed-sa.com ne peut \u00eatre tenu pour responsable d\u2019\u00e9ventuels virus qui pourraient infecter l\u2019ordinateur ou tout mat\u00e9riel informatique de l\u2019Internaute, suite \u00e0 une utilisation, \u00e0 l\u2019acc\u00e8s, ou au t\u00e9l\u00e9chargement provenant de ce site.<\/p>\n<p>La responsabilit\u00e9 du site ne peut \u00eatre engag\u00e9e en cas de force majeure ou du fait impr\u00e9visible et insurmontable d&#8217;un tiers.<\/p>\n<!-- \/wp:paragraph --><!-- wp:heading -->\n<h2>ARTICLE 6 : Liens hypertextes<\/h2>\n<p>Des liens hypertextes peuvent \u00eatre pr\u00e9sents sur le site. L\u2019Utilisateur est inform\u00e9 qu\u2019en cliquant sur ces liens, il sortira du site www.zed-sa.com. Ce dernier n\u2019a pas de contr\u00f4le sur les pages web sur lesquelles aboutissent ces liens et ne saurait, en aucun cas, \u00eatre responsable de leur contenu.<\/p>\n<!-- \/wp:heading --><!-- wp:heading -->\n<h2>ARTICLE 7 : Cookies<\/h2>\n<p>L\u2019Utilisateur est inform\u00e9 que lors de ses visites sur le site, un cookie peut s\u2019installer automatiquement sur son logiciel de navigation.<br \/>Les cookies sont de petits fichiers stock\u00e9s temporairement sur le disque dur de l\u2019ordinateur de l\u2019Utilisateur par votre navigateur et qui sont n\u00e9cessaires \u00e0 l\u2019utilisation du site www.zed-sa.com. Les cookies ne contiennent pas d\u2019information personnelle et ne peuvent pas \u00eatre utilis\u00e9s pour identifier quelqu\u2019un. Un cookie contient un identifiant unique, g\u00e9n\u00e9r\u00e9 al\u00e9atoirement et donc anonyme. Certains cookies expirent \u00e0 la fin de la visite de l\u2019Utilisateur, d\u2019autres restent.<br \/>L\u2019information contenue dans les cookies est utilis\u00e9e pour am\u00e9liorer le site www.zed-sa.com. En naviguant sur le site, L\u2019Utilisateur les accepte.<br \/>L\u2019Utilisateur doit toutefois donner son consentement quant \u00e0 l\u2019utilisation de certains cookies.<br \/>A d\u00e9faut d\u2019acceptation, l\u2019Utilisateur est inform\u00e9 que certaines fonctionnalit\u00e9s ou pages risquent de lui \u00eatre refus\u00e9es.<br \/>L\u2019Utilisateur pourra d\u00e9sactiver ces cookies par l\u2019interm\u00e9diaire des param\u00e8tres figurant au sein de son logiciel de navigation<\/p>\n<h2>ARTICLE 8 : Publication par l\u2019Utilisateur<\/h2>\n<p>Le site permet aux membres de publier les contenus suivants : <strong>Commentaires et avis.<\/strong><br \/>Dans ses publications, le membre s\u2019engage \u00e0 respecter les r\u00e8gles de la Netiquette (r\u00e8gles de bonne conduite de l\u2019internet) et les r\u00e8gles de droit en vigueur.<br \/>Le site peut exercer une mod\u00e9ration sur les publications et se r\u00e9serve le droit de refuser leur mise en ligne, sans avoir \u00e0 s\u2019en justifier aupr\u00e8s du membre.<\/p>\n<p>Le membre reste titulaire de l\u2019int\u00e9gralit\u00e9 de ses droits de propri\u00e9t\u00e9 intellectuelle. Mais en publiant une publication sur le site, il c\u00e8de \u00e0 la soci\u00e9t\u00e9 \u00e9ditrice le droit non exclusif et gratuit de repr\u00e9senter, reproduire, adapter, modifier, diffuser et distribuer sa publication, directement ou par un tiers autoris\u00e9, dans le monde entier, sur tout support (num\u00e9rique ou physique), pour la dur\u00e9e de la propri\u00e9t\u00e9 ntellectuelle. Le Membre c\u00e8de notamment le droit d&#8217;utiliser sa publication sur internet et sur les r\u00e9seaux de t\u00e9l\u00e9phonie mobile.<\/p>\n<p>La soci\u00e9t\u00e9 \u00e9ditrice s&#8217;engage \u00e0 faire figurer le nom du membre \u00e0 proximit\u00e9 de chaque utilisation de sa publication.<br \/>Tout contenu mis en ligne par l&#8217;Utilisateur est de sa seule responsabilit\u00e9. L&#8217;Utilisateur s&#8217;engage \u00e0 ne pas mettre en ligne de contenus pouvant porter atteinte aux int\u00e9r\u00eats de tierces personnes. Tout recours en justice engag\u00e9 par un tiers l\u00e9s\u00e9 contre le site sera pris en charge par l&#8217;Utilisateur.<\/p>\n<p>Le contenu de l&#8217;Utilisateur peut \u00eatre \u00e0 tout moment et pour n&#8217;importe quelle raison supprim\u00e9 ou modifi\u00e9 par le site, sans pr\u00e9avis.<\/p>\n<h2>ARTICLE 9 : Droit applicable et juridiction comp\u00e9tent<\/h2>\n<p>La l\u00e9gislation malienne s&#8217;applique au pr\u00e9sent contrat. En cas d&#8217;absence de r\u00e9solution amiable d&#8217;un litige n\u00e9 entre les parties, les tribunaux maliens seront seuls comp\u00e9tents pour en conna\u00eetre.<br \/>Pour toute question relative \u00e0 l\u2019application des pr\u00e9sentes CGU, vous pouvez joindre l\u2019\u00e9diteur aux coordonn\u00e9es inscrites \u00e0 l\u2019ARTICLE 1.<\/p>\n<!-- \/wp:heading -->\t\t\t\t\t\t<\/div>\n\t\t\t\t<\/div>\n\t\t        <\/div>\r\n        <\/div>\r\n        \t\t        <\/div>\r\n        <\/section>\r\n\t\t\t\t\t\t\t<\/div>","protected":false},"excerpt":{"rendered":"<p>Les pr\u00e9sentes conditions g\u00e9n\u00e9rales d&#8217;utilisation (dites \u00ab CGU \u00bb) ont pour objet l&#8217;encadrement juridique des modalit\u00e9s de mise \u00e0 disposition du site et des services par Zenith Energie pour le D\u00e9veloppement et de d\u00e9finir les conditions d\u2019acc\u00e8s et d\u2019utilisation des services par \u00ab l&#8217;Utilisateur \u00bb. Les pr\u00e9sentes CGU sont accessibles sur le site \u00e0 la [&hellip;]<\/p>","protected":false},"author":1,"featured_media":0,"parent":0,"menu_order":3,"comment_status":"closed","ping_status":"closed","template":"","meta":{"footnotes":""},"class_list":["post-3","page","type-page","status-publish","hentry","cms-has-post-thumbnail"],"_links":{"self":[{"href":"https:\/\/zed-sa.com\/en\/wp-json\/wp\/v2\/pages\/3","targetHints":{"allow":["GET"]}}],"collection":[{"href":"https:\/\/zed-sa.com\/en\/wp-json\/wp\/v2\/pages"}],"about":[{"href":"https:\/\/zed-sa.com\/en\/wp-json\/wp\/v2\/types\/page"}],"author":[{"embeddable":true,"href":"https:\/\/zed-sa.com\/en\/wp-json\/wp\/v2\/users\/1"}],"replies":[{"embeddable":true,"href":"https:\/\/zed-sa.com\/en\/wp-json\/wp\/v2\/comments?post=3"}],"version-history":[{"count":36,"href":"https:\/\/zed-sa.com\/en\/wp-json\/wp\/v2\/pages\/3\/revisions"}],"predecessor-version":[{"id":6379,"href":"https:\/\/zed-sa.com\/en\/wp-json\/wp\/v2\/pages\/3\/revisions\/6379"}],"wp:attachment":[{"href":"https:\/\/zed-sa.com\/en\/wp-json\/wp\/v2\/media?parent=3"}],"curies":[{"name":"wp","href":"https:\/\/api.w.org\/{rel}","templated":true}]}}