{"id":48,"date":"2020-12-08T09:31:50","date_gmt":"2020-12-08T09:31:50","guid":{"rendered":"https:\/\/demo.cmssuperheroes.com\/themeforest\/solatec\/?page_id=48"},"modified":"2023-08-27T14:59:35","modified_gmt":"2023-08-27T14:59:35","slug":"projets-et-realisations","status":"publish","type":"page","link":"https:\/\/zed-sa.com\/fr\/projets-et-realisations\/","title":{"rendered":"Projets et r\u00e9alisations"},"content":{"rendered":"\t\t<div data-elementor-type=\"wp-page\" data-elementor-id=\"48\" class=\"elementor elementor-48\">\n\t\t\t\t\t\t\t        <section class=\"elementor-section elementor-top-section elementor-element elementor-element-20f06cf pt-90 pt-95 elementor-section-boxed elementor-section-height-default elementor-section-height-default cms-boxed-bg-false\" data-id=\"20f06cf\" data-element_type=\"section\">\r\n\t\t\r\n\t\t<div class=\"cms-section-boxed-bg\"><\/div>        <div class=\"elementor-container elementor-column-gap-default \" >\r\n\t\t        <div class=\"elementor-column elementor-col-100 elementor-top-column elementor-element elementor-element-ea3391e\" data-id=\"ea3391e\" data-element_type=\"column\">\r\n        <div class=\"elementor-widget-wrap elementor-element-populated\">\r\n                        \t\t<div class=\"elementor-element elementor-element-d042e63 cms-post-layout-4 elementor-widget elementor-widget-cms_post_grid\" data-id=\"d042e63\" data-element_type=\"widget\" data-widget_type=\"cms_post_grid.default\">\n\t\t\t\t<div class=\"elementor-widget-container\">\n\t\t\t\r\n<div id=\"cms_post_grid-d042e63\" class=\"cms-grid\" data-layoutmode=\"fitRows\" data-layout=\"masonry\" data-start-page=\"1\" data-max-pages=\"0\" data-total=\"0\" data-perpage=\"6\" data-next-link=\"https:\/\/zed-sa.com\/fr\/wp-json\/wp\/v2\/pages\/48\/page\/2\/\">\r\n            <div class=\"cms-grid-filter-wrap row gutters-35 justify-content-center\">\r\n            <span class=\"cms-filter-item active col-auto\" data-filter=\"*\">All<\/span>\r\n                                            <span class=\"cms-filter-item col-auto\" data-filter=\".centrales-electriques\">\r\n                    Centrales \u00e9lectriques                <\/span>\r\n                                            <span class=\"cms-filter-item col-auto\" data-filter=\".pompage-et-adduction-deau\">\r\n                    Pompage et Adduction d&#039;eau                <\/span>\r\n                                            <span class=\"cms-filter-item col-auto\" data-filter=\".reseaux-electriques\">\r\n                    Reseaux \u00e9lectriques                <\/span>\r\n                                            <span class=\"cms-filter-item col-auto\" data-filter=\".systemes-dalimentation-solaire\">\r\n                    Syst\u00e8mes d\u2019alimentation solaire                <\/span>\r\n                                            <span class=\"cms-filter-item col-auto\" data-filter=\".systemes-hybrides\">\r\n                    Syst\u00e8mes hybrides                <\/span>\r\n                    <\/div>\r\n        <div class=\"cms-grid-inner cms-grid-masonry row animation-time relative\" data-layout=\"fitRows\" style=\"margin: -15px\">\r\n        <div class=\"cms-grid-sizer col-1\"><\/div>\r\n                    <div class=\"cms-grid-item col-xl-4 col-lg-4 col-md-6 col-12 pompage-et-adduction-deau\" style=\"padding: 15px; margin-bottom: 10px\">\n                                    <div class=\"cms-item-content relative\">\n                            <div class=\"cms-featured cms-post-standard\"><div class=\"cms-featured-inner relative\">            <div class=\"post-image cms-post-image overflow-hidden cms-radius-8\">\r\n                <a href=\"https:\/\/zed-sa.com\/fr\/projects\/approvisionnement-en-milieu-urbain\/\"><img class=\"cms-radius-8 cms-lazy lazy-loading cms-img\" data-src=\"https:\/\/zed-sa.com\/wp-content\/uploads\/2023\/08\/DSCN7714-570x570.jpg\" width=\"570\" height=\"570\" alt=\"\" \/><\/a>\r\n            <\/div>\r\n            <\/div><\/div>\r\n                            <div class=\"cms-item-content-inner cms-transition bg-white p-tb-35 pl-40 pr-15\">\n                            <div class=\"cms-item-content-inner2\">\n                                <div class=\"cms-post-cat pb-15 text-14 text-accent\"><a href=\"https:\/\/zed-sa.com\/fr\/project-category\/pompage-et-adduction-deau\/\" rel=\"tag\">Pompage et Adduction d'eau<\/a><\/div>                                <div class=\"cms-heading cms-item-content-title cms-heading text-20 lh-28\">\n                                    <a href=\"https:\/\/zed-sa.com\/fr\/projects\/approvisionnement-en-milieu-urbain\/\">Approvisionnement en milieu urbain<\/a>\n                                <\/div> \n                            <\/div>\n                        <\/div>\n                    <\/div>\n                            <\/div>\n                    <div class=\"cms-grid-item col-xl-4 col-lg-4 col-md-6 col-12 pompage-et-adduction-deau\" style=\"padding: 15px; margin-bottom: 10px\">\n                                    <div class=\"cms-item-content relative\">\n                            <div class=\"cms-featured cms-post-standard\"><div class=\"cms-featured-inner relative\">            <div class=\"post-image cms-post-image overflow-hidden cms-radius-8\">\r\n                <a href=\"https:\/\/zed-sa.com\/fr\/projects\/alimentation-en-eau-de-domaines-communautaires\/\"><img class=\"cms-radius-8 cms-lazy lazy-loading cms-img\" data-src=\"https:\/\/zed-sa.com\/wp-content\/uploads\/2023\/08\/DSCF1646-570x570.jpg\" width=\"570\" height=\"570\" alt=\"\" \/><\/a>\r\n            <\/div>\r\n            <\/div><\/div>\r\n                            <div class=\"cms-item-content-inner cms-transition bg-white p-tb-35 pl-40 pr-15\">\n                            <div class=\"cms-item-content-inner2\">\n                                <div class=\"cms-post-cat pb-15 text-14 text-accent\"><a href=\"https:\/\/zed-sa.com\/fr\/project-category\/pompage-et-adduction-deau\/\" rel=\"tag\">Pompage et Adduction d'eau<\/a><\/div>                                <div class=\"cms-heading cms-item-content-title cms-heading text-20 lh-28\">\n                                    <a href=\"https:\/\/zed-sa.com\/fr\/projects\/alimentation-en-eau-de-domaines-communautaires\/\">Alimentation en eau de domaines communautaires<\/a>\n                                <\/div> \n                            <\/div>\n                        <\/div>\n                    <\/div>\n                            <\/div>\n                    <div class=\"cms-grid-item col-xl-4 col-lg-4 col-md-6 col-12 reseaux-electriques\" style=\"padding: 15px; margin-bottom: 10px\">\n                                    <div class=\"cms-item-content relative\">\n                            <div class=\"cms-featured cms-post-standard\"><div class=\"cms-featured-inner relative\">            <div class=\"post-image cms-post-image overflow-hidden cms-radius-8\">\r\n                <a href=\"https:\/\/zed-sa.com\/fr\/projects\/electrification-de-4-villes-du-mali-ministere-de-lenergie\/\"><img class=\"cms-radius-8 cms-lazy lazy-loading cms-img\" data-src=\"https:\/\/zed-sa.com\/wp-content\/uploads\/2023\/08\/DSCF1363-570x570.jpg\" width=\"570\" height=\"570\" alt=\"\" \/><\/a>\r\n            <\/div>\r\n            <\/div><\/div>\r\n                            <div class=\"cms-item-content-inner cms-transition bg-white p-tb-35 pl-40 pr-15\">\n                            <div class=\"cms-item-content-inner2\">\n                                <div class=\"cms-post-cat pb-15 text-14 text-accent\"><a href=\"https:\/\/zed-sa.com\/fr\/project-category\/reseaux-electriques\/\" rel=\"tag\">Reseaux \u00e9lectriques<\/a><\/div>                                <div class=\"cms-heading cms-item-content-title cms-heading text-20 lh-28\">\n                                    <a href=\"https:\/\/zed-sa.com\/fr\/projects\/electrification-de-4-villes-du-mali-ministere-de-lenergie\/\">Electrification de 4 villes du Mali &#8211;<\/a>\n                                <\/div> \n                            <\/div>\n                        <\/div>\n                    <\/div>\n                            <\/div>\n                    <div class=\"cms-grid-item col-xl-4 col-lg-4 col-md-6 col-12 centrales-electriques\" style=\"padding: 15px; margin-bottom: 10px\">\n                                    <div class=\"cms-item-content relative\">\n                            <div class=\"cms-featured cms-post-standard\"><div class=\"cms-featured-inner relative\">            <div class=\"post-image cms-post-image overflow-hidden cms-radius-8\">\r\n                <a href=\"https:\/\/zed-sa.com\/fr\/projects\/mini-centrale-solaire-au-siege-de-la-commission-de-la-cedeao\/\"><img class=\"cms-radius-8 cms-lazy lazy-loading cms-img\" data-src=\"https:\/\/zed-sa.com\/wp-content\/uploads\/2023\/08\/mc-abuja1-e1693064413557-570x570.png\" width=\"570\" height=\"570\" alt=\"\" \/><\/a>\r\n            <\/div>\r\n            <\/div><\/div>\r\n                            <div class=\"cms-item-content-inner cms-transition bg-white p-tb-35 pl-40 pr-15\">\n                            <div class=\"cms-item-content-inner2\">\n                                <div class=\"cms-post-cat pb-15 text-14 text-accent\"><a href=\"https:\/\/zed-sa.com\/fr\/project-category\/centrales-electriques\/\" rel=\"tag\">Centrales \u00e9lectriques<\/a><\/div>                                <div class=\"cms-heading cms-item-content-title cms-heading text-20 lh-28\">\n                                    <a href=\"https:\/\/zed-sa.com\/fr\/projects\/mini-centrale-solaire-au-siege-de-la-commission-de-la-cedeao\/\">Mini-centrale solaire au si\u00e8ge de la CEDEAO<\/a>\n                                <\/div> \n                            <\/div>\n                        <\/div>\n                    <\/div>\n                            <\/div>\n                    <div class=\"cms-grid-item col-xl-4 col-lg-4 col-md-6 col-12 systemes-dalimentation-solaire systemes-hybrides\" style=\"padding: 15px; margin-bottom: 10px\">\n                                    <div class=\"cms-item-content relative\">\n                            <div class=\"cms-featured cms-post-standard\"><div class=\"cms-featured-inner relative\">            <div class=\"post-image cms-post-image overflow-hidden cms-radius-8\">\r\n                <a href=\"https:\/\/zed-sa.com\/fr\/projects\/alimentation-electrique-dune-residence-a-bamako\/\"><img class=\"cms-radius-8 cms-lazy lazy-loading cms-img\" data-src=\"https:\/\/zed-sa.com\/wp-content\/uploads\/2023\/08\/DSCN5531-1-e1693063771546-570x552.jpg\" width=\"570\" height=\"552\" alt=\"\" \/><\/a>\r\n            <\/div>\r\n            <\/div><\/div>\r\n                            <div class=\"cms-item-content-inner cms-transition bg-white p-tb-35 pl-40 pr-15\">\n                            <div class=\"cms-item-content-inner2\">\n                                <div class=\"cms-post-cat pb-15 text-14 text-accent\"><a href=\"https:\/\/zed-sa.com\/fr\/project-category\/systemes-dalimentation-solaire\/\" rel=\"tag\">Syst\u00e8mes d\u2019alimentation solaire<\/a>, <a href=\"https:\/\/zed-sa.com\/fr\/project-category\/systemes-hybrides\/\" rel=\"tag\">Syst\u00e8mes hybrides<\/a><\/div>                                <div class=\"cms-heading cms-item-content-title cms-heading text-20 lh-28\">\n                                    <a href=\"https:\/\/zed-sa.com\/fr\/projects\/alimentation-electrique-dune-residence-a-bamako\/\">Alimentation \u00e9lectrique d\u2019une r\u00e9sidence \u00e0 Bamako<\/a>\n                                <\/div> \n                            <\/div>\n                        <\/div>\n                    <\/div>\n                            <\/div>\n                    <div class=\"cms-grid-item col-xl-4 col-lg-4 col-md-6 col-12 systemes-dalimentation-solaire\" style=\"padding: 15px; margin-bottom: 10px\">\n                                    <div class=\"cms-item-content relative\">\n                            <div class=\"cms-featured cms-post-standard\"><div class=\"cms-featured-inner relative\">            <div class=\"post-image cms-post-image overflow-hidden cms-radius-8\">\r\n                <a href=\"https:\/\/zed-sa.com\/fr\/projects\/alimentation-electrique-solaire-de-lifm-de-koutiala\/\"><img class=\"cms-radius-8 cms-lazy lazy-loading cms-img\" data-src=\"https:\/\/zed-sa.com\/wp-content\/uploads\/2023\/08\/DSCN5573-e1693062030364-570x570.jpg\" width=\"570\" height=\"570\" alt=\"\" \/><\/a>\r\n            <\/div>\r\n            <\/div><\/div>\r\n                            <div class=\"cms-item-content-inner cms-transition bg-white p-tb-35 pl-40 pr-15\">\n                            <div class=\"cms-item-content-inner2\">\n                                <div class=\"cms-post-cat pb-15 text-14 text-accent\"><a href=\"https:\/\/zed-sa.com\/fr\/project-category\/systemes-dalimentation-solaire\/\" rel=\"tag\">Syst\u00e8mes d\u2019alimentation solaire<\/a><\/div>                                <div class=\"cms-heading cms-item-content-title cms-heading text-20 lh-28\">\n                                    <a href=\"https:\/\/zed-sa.com\/fr\/projects\/alimentation-electrique-solaire-de-lifm-de-koutiala\/\">Alimentation \u00e9lectrique solaire de l&#8217;IFM de Koutiala<\/a>\n                                <\/div> \n                            <\/div>\n                        <\/div>\n                    <\/div>\n                            <\/div>\n                <div class=\"cms-grid-overlay\"><\/div>\r\n    <\/div>\r\n                <div class=\"cms-post-pagination cms-load-more text-center\" data-loadmore=\"{&quot;post_type&quot;:&quot;cms-project&quot;,&quot;layout&quot;:&quot;4&quot;,&quot;startPage&quot;:1,&quot;maxPages&quot;:2,&quot;total&quot;:9,&quot;perpage&quot;:6,&quot;nextLink&quot;:&quot;https:\\\/\\\/zed-sa.com\\\/fr\\\/wp-json\\\/wp\\\/v2\\\/pages\\\/48\\\/page\\\/2\\\/&quot;,&quot;source&quot;:&quot;&quot;,&quot;orderby&quot;:&quot;date&quot;,&quot;order&quot;:&quot;desc&quot;,&quot;limit&quot;:6,&quot;col_xl&quot;:&quot;3&quot;,&quot;col_lg&quot;:&quot;3&quot;,&quot;col_md&quot;:&quot;2&quot;,&quot;col_sm&quot;:&quot;1&quot;,&quot;gap&quot;:30,&quot;gap_extra&quot;:10,&quot;thumbnail_size&quot;:&quot;medium&quot;,&quot;thumbnail_custom_dimension&quot;:{&quot;width&quot;:&quot;&quot;,&quot;height&quot;:&quot;&quot;},&quot;excerpt_lenght&quot;:25,&quot;excerpt_more_text&quot;:&quot;...&quot;,&quot;readmore_text&quot;:&quot;Read More&quot;,&quot;show_fb&quot;:&quot;&quot;,&quot;show_tw&quot;:&quot;&quot;,&quot;show_insta&quot;:&quot;&quot;,&quot;show_email&quot;:&quot;&quot;,&quot;show_phone&quot;:&quot;&quot;,&quot;tax&quot;:[&quot;project-category&quot;,&quot;project-category&quot;,&quot;project-category&quot;,&quot;project-category&quot;,&quot;project-category&quot;]}\" data-loading-text=\"Loading\">\r\n            <span class=\"btn btn-lg btn-fill btn-accent\">\r\n                <span class=\"cms-btn-content\">\r\n                    <span class=\"cms-btn-icon text-20 cmsi-arrow-circle-right\"><\/span>\r\n                    <span class=\"cms-btn-text\">Load More<\/span>\r\n                <\/span>\r\n            <\/span>\r\n        <\/div>\r\n    <\/div>\t\t<\/div>\n\t\t\t\t<\/div>\n\t\t        <\/div>\r\n        <\/div>\r\n        \t\t        <\/div>\r\n        <\/section>\r\n\t\t\t\t\t\t\t<\/div>\n\t\t","protected":false},"excerpt":{"rendered":"<p>All Centrales \u00e9lectriques Reseaux \u00e9lectriques Syst\u00e8mes d\u2019alimentation solaire Syst\u00e8mes hybrides Reseaux \u00e9lectriques Alimentation en eau de domaines communautaires Reseaux \u00e9lectriques Electrification de 4 villes du Mali &#8211; Centrales \u00e9lectriques Mini-centrale solaire au si\u00e8ge de la CEDEAO Syst\u00e8mes d\u2019alimentation solaire, Syst\u00e8mes hybrides Alimentation \u00e9lectrique d\u2019une r\u00e9sidence \u00e0 Bamako Syst\u00e8mes d\u2019alimentation solaire Alimentation \u00e9lectrique solaire de l&rsquo;IFM [&hellip;]<\/p>\n","protected":false},"author":1,"featured_media":0,"parent":0,"menu_order":15,"comment_status":"closed","ping_status":"closed","template":"","meta":{"footnotes":""},"class_list":["post-48","page","type-page","status-publish","hentry","cms-has-post-thumbnail"],"_links":{"self":[{"href":"https:\/\/zed-sa.com\/fr\/wp-json\/wp\/v2\/pages\/48","targetHints":{"allow":["GET"]}}],"collection":[{"href":"https:\/\/zed-sa.com\/fr\/wp-json\/wp\/v2\/pages"}],"about":[{"href":"https:\/\/zed-sa.com\/fr\/wp-json\/wp\/v2\/types\/page"}],"author":[{"embeddable":true,"href":"https:\/\/zed-sa.com\/fr\/wp-json\/wp\/v2\/users\/1"}],"replies":[{"embeddable":true,"href":"https:\/\/zed-sa.com\/fr\/wp-json\/wp\/v2\/comments?post=48"}],"version-history":[{"count":31,"href":"https:\/\/zed-sa.com\/fr\/wp-json\/wp\/v2\/pages\/48\/revisions"}],"predecessor-version":[{"id":6280,"href":"https:\/\/zed-sa.com\/fr\/wp-json\/wp\/v2\/pages\/48\/revisions\/6280"}],"wp:attachment":[{"href":"https:\/\/zed-sa.com\/fr\/wp-json\/wp\/v2\/media?parent=48"}],"curies":[{"name":"wp","href":"https:\/\/api.w.org\/{rel}","templated":true}]}}